{"id":9856,"date":"2017-03-22T15:31:12","date_gmt":"2017-03-22T15:31:12","guid":{"rendered":"http:\/\/iberiancamps.com\/summer-camps\/facilities\/"},"modified":"2025-11-06T11:25:56","modified_gmt":"2025-11-06T11:25:56","slug":"anlagen","status":"publish","type":"page","link":"https:\/\/iberiancamps.com\/de\/sommercamps\/anlagen\/","title":{"rendered":"Anlagen"},"content":{"rendered":"<p>[vc_row full_width=&#8221;stretch_row&#8221; css=&#8221;.vc_custom_1733840159650{margin-top: -80px !important;background-image: url(https:\/\/iberiancamps.com\/wp-content\/uploads\/2024\/12\/WEL01877-38.jpg?id=15640) !important;background-position: center !important;background-repeat: no-repeat !important;background-size: cover !important;}&#8221;][vc_column][vc_empty_space height=&#8221;300px&#8221;][vc_column_text css=&#8221;.vc_custom_1514916320788{padding-top: 0px !important;padding-right: 10px !important;padding-bottom: 10px !important;padding-left: 10px !important;background-color: rgba(248,248,248,0.89) !important;*background-color: rgb(248,248,248) !important;}&#8221;]<\/p>\n<h2 style=\"text-align: center;\">Anlagen<\/h2>\n<p>[\/vc_column_text][vc_separator color=&#8221;white&#8221; css=&#8221;.vc_custom_1490176660267{padding-top: 10px !important;padding-bottom: 10px !important;}&#8221;][vc_empty_space height=&#8221;50px&#8221;][\/vc_column][\/vc_row][vc_row 0=&#8221;&#8221;][vc_column 0=&#8221;&#8221;][vc_column_text 0=&#8221;&#8221;]<\/p>\n<h2 style=\"text-align: center;\">SPRACH-KLASSENZIMMER<\/h2>\n<p>[\/vc_column_text][vc_empty_space 0=&#8221;&#8221;][vc_gallery type=&#8221;image_grid&#8221; images=&#8221;7782,7783,7784,7785,7786,7787&#8243; img_size=&#8221;&#8221;][vc_empty_space 0=&#8221;&#8221;][vc_column_text 0=&#8221;&#8221;]<strong>\u2022 <\/strong>Lernzentrum f\u00fcr Jugendliche nur 1 Minute zu Fu\u00df von der Residenz entfernt.<\/p>\n<p><strong>\u2022 <\/strong>Klassenzimmer in verschiedenen Gr\u00f6\u00dfen und mit gro\u00dfen Fenstern f\u00fcr Tageslicht<\/p>\n<p><strong>\u2022 <\/strong>Klassenzimmer komplett mit allen notwendigen Materialien f\u00fcr den Unterricht (Multimedia-Technologie und WIFI-Verbindung) ausgestattet.<\/p>\n<p><strong>\u2022 <\/strong>Klimaanlage<\/p>\n<p><strong>\u2022 <\/strong>Toiletten und Gemeinschaftsr\u00e4ume mit Automaten mit Getr\u00e4nken und Snacks.<\/p>\n<p>[\/vc_column_text][vc_empty_space 0=&#8221;&#8221;][\/vc_column][\/vc_row][vc_row 0=&#8221;&#8221;][vc_column 0=&#8221;&#8221;][vc_column_text 0=&#8221;&#8221;]<\/p>\n<h2 style=\"text-align: center;\">RESIDENZ<\/h2>\n<p>[\/vc_column_text][vc_empty_space 0=&#8221;&#8221;][vc_gallery type=&#8221;image_grid&#8221; images=&#8221;15693,15701,15787,16272,15689,15783,15657,15791,15665,15669,15807,15673,15677,15685,15775,15779,15795,15803&#8243; img_size=&#8221;&#8221;][vc_empty_space 0=&#8221;&#8221;][vc_row_inner 0=&#8221;&#8221;][vc_column_inner width=&#8221;1\/2&#8243;][vc_column_text 0=&#8221;&#8221;]<\/p>\n<h4>Residenz<\/h4>\n<p><strong>\u2022 <\/strong>Sehr nah an der Autobahn.<\/p>\n<p><strong>\u2022 <\/strong>15 Minuten Fahrt vom Flughafen von Alicante.<\/p>\n<p><strong>\u2022 <\/strong>1 Minute zu Fu\u00df vom Bus (Linie 24) und der Stra\u00dfenbahnhaltestelle, Verbindung mit Alicante Stadtzentrum.<\/p>\n<p><strong>\u2022 <\/strong>24 Stunden Rezeption und Sicherheitskontrolle.<\/p>\n<p><strong>\u2022 <\/strong>Klimaanlage.<\/p>\n<p><strong>\u2022 <\/strong>Kostenlose Internetverbindung (WLAN in den \u00f6ffentlichen Bereichen).<\/p>\n<p><strong>\u2022<\/strong> Freizeit- und Spielbereiche f\u00fcr Tischfu\u00dfball, Billard, Tischtennis, Brettspiele &#8230;<\/p>\n<p><strong>\u2022 <\/strong>Kinoraum.<\/p>\n<p><strong>\u2022 <\/strong>Ruhezonen und Leseecken.<\/p>\n<p><strong>\u2022 <\/strong>Waschk\u00fcche mit Waschmaschine und Trockner.<\/p>\n<p><strong>\u2022 <\/strong>Fitness- und Tanzraum f\u00fcr die choreographischen Aktivit\u00e4ten.<\/p>\n<p><strong>\u2022 <\/strong>Allzweckraum f\u00fcr die Handarbeit und die Theaterworkshops.<\/p>\n<p><strong>\u2022 <\/strong>Swimmbad.<\/p>\n<p><strong>\u2022 <\/strong>Kantine<\/p>\n<p><strong>\u2022<\/strong> Lernr\u00e4ume.[\/vc_column_text][vc_empty_space 0=&#8221;&#8221;][\/vc_column_inner][vc_column_inner width=&#8221;1\/2&#8243;][vc_column_text 0=&#8221;&#8221;]<\/p>\n<h4>Einzelzimmer<\/h4>\n<p><strong>\u2022 <\/strong>Einzelbett. M\u00f6glichkeit eines Doppelbetts mit Etagenbett, je nach Verf\u00fcgbarkeit.<\/p>\n<p><strong>\u2022 <\/strong>Klimaanlage<\/p>\n<p><strong>\u2022 <\/strong>Komplettes Duschbad<\/p>\n<p><strong>\u2022 <\/strong>Bettw\u00e4sche und Duscht\u00fccher inklusive<\/p>\n<p><strong>\u2022 <\/strong>Reinigungsservice einmal pro Woche mit Wechsel der Bettw\u00e4sche und Handt\u00fccher<\/p>\n<p><strong>\u2022 <\/strong>Schreibtisch<\/p>\n<p><strong>\u2022 <\/strong>Kostenlose Internetverbindung[\/vc_column_text][vc_empty_space 0=&#8221;&#8221;][\/vc_column_inner][\/vc_row_inner][\/vc_column][\/vc_row][vc_row 0=&#8221;&#8221;][vc_column 0=&#8221;&#8221;][vc_column_text 0=&#8221;&#8221;]<\/p>\n<h2 style=\"text-align: center;\">EINRICHTUNGEN F\u00dcR SPORTUNTERRICHT UND KUNST &amp; KULTUR WORKSHOPS<\/h2>\n<p>[\/vc_column_text][vc_empty_space 0=&#8221;&#8221;][vc_gallery type=&#8221;image_grid&#8221; images=&#8221;8197,8198,8203,8204,11881,11877,8207,8208,8952,8951,8950,8949&#8243; img_size=&#8221;&#8221;][vc_empty_space 0=&#8221;&#8221;][vc_row_inner 0=&#8221;&#8221;][vc_column_inner width=&#8221;1\/2&#8243;][vc_column_text 0=&#8221;&#8221;]<\/p>\n<h4>Multi-Sport Camp<\/h4>\n<p>Sportaktivit\u00e4ten finden in den Einrichtungen der Universit\u00e4t von Alicante statt. Der Universit\u00e4tscampus hat:<\/p>\n<p><strong>\u2022 <\/strong>4.700 qm Indoor-Anlagen und 22.000 qm Au\u00dfenanlagen<\/p>\n<p><strong>\u2022 <\/strong>Beheiztes Schwimmbecken<\/p>\n<p><strong>\u2022 <\/strong>Hallenpl\u00e4tze f\u00fcr Fu\u00dfball, Handball, Basketball, Volleyball, Hallenhockey<\/p>\n<p><strong>\u2022 <\/strong>Tatami und Fechtzimmer<\/p>\n<p><strong>\u2022 <\/strong>Squashpl\u00e4tze<\/p>\n<p><strong>\u2022 <\/strong>Kletterwand<\/p>\n<p><strong>\u2022 <\/strong>R\u00e4ume mit Tischtennisplatten<\/p>\n<p><strong>\u2022 <\/strong>Mehrere Pl\u00e4tze mit Kunstrasen f\u00fcr Fu\u00dfball, Rugby und Hockey<\/p>\n<p><strong>\u2022 <\/strong>Mehrere Pl\u00e4tze f\u00fcr Tennis und Paddel-Tennis<\/p>\n<p><strong>\u2022 <\/strong>Leichtathletikbahn[\/vc_column_text][vc_empty_space 0=&#8221;&#8221;][\/vc_column_inner][vc_column_inner width=&#8221;1\/2&#8243;][vc_column_text 0=&#8221;&#8221;]<\/p>\n<h4>Kunst &amp; Kultur Camp<\/h4>\n<p>Die Aktivit\u00e4ten unseres Kunst- und Kulturcamps werden in den R\u00e4umlichkeiten der Unterkunft in klimatisierten R\u00e4umen stattfinden.[\/vc_column_text][vc_empty_space 0=&#8221;&#8221;][\/vc_column_inner][\/vc_row_inner][\/vc_column][\/vc_row]<\/p>\n","protected":false},"excerpt":{"rendered":"<p>[vc_row full_width=&#8221;stretch_row&#8221; css=&#8221;.vc_custom_1733840159650{margin-top: -80px !important;background-image: url(https:\/\/iberiancamps.com\/wp-content\/uploads\/2024\/12\/WEL01877-38.jpg?id=15640) !important;background-position: center !important;background-repeat: no-repeat !important;background-size: cover !important;}&#8221;][vc_column][vc_empty_space height=&#8221;300px&#8221;][vc_column_text css=&#8221;.vc_custom_1514916320788{padding-top: 0px !important;padding-right: 10px !important;padding-bottom: 10px !important;padding-left: 10px !important;background-color: rgba(248,248,248,0.89) !important;*background-color: rgb(248,248,248) !important;}&#8221;] Anlagen [\/vc_column_text][vc_separator color=&#8221;white&#8221; css=&#8221;.vc_custom_1490176660267{padding-top: 10px !important;padding-bottom: 10px !important;}&#8221;][vc_empty_space height=&#8221;50px&#8221;][\/vc_column][\/vc_row][vc_row 0=&#8221;&#8221;][vc_column 0=&#8221;&#8221;][vc_column_text 0=&#8221;&#8221;] SPRACH-KLASSENZIMMER [\/vc_column_text][vc_empty_space 0=&#8221;&#8221;][vc_gallery type=&#8221;image_grid&#8221; images=&#8221;7782,7783,7784,7785,7786,7787&#8243; img_size=&#8221;&#8221;][vc_empty_space 0=&#8221;&#8221;][vc_column_text 0=&#8221;&#8221;]\u2022 Lernzentrum f\u00fcr Jugendliche nur 1 Minute zu Fu\u00df<\/p>\n","protected":false},"author":1,"featured_media":0,"parent":9846,"menu_order":0,"comment_status":"closed","ping_status":"closed","template":"","meta":{"footnotes":""},"class_list":["post-9856","page","type-page","status-publish","hentry"],"yoast_head":"<!-- This site is optimized with the Yoast SEO Premium plugin v18.2.1 (Yoast SEO v27.6) - https:\/\/yoast.com\/product\/yoast-seo-premium-wordpress\/ -->\n<title>\u25b7 Anlagen unserer Sprachcamps - IBERIAN CAMPS<\/title>\n<meta name=\"description\" content=\"Unser spanisch Sommercamp und unser englisch Sommercamp finden in Premium-Einrichtungen statt.\" \/>\n<meta name=\"robots\" content=\"index, follow, max-snippet:-1, max-image-preview:large, max-video-preview:-1\" \/>\n<link rel=\"canonical\" href=\"https:\/\/iberiancamps.com\/de\/sommercamps\/anlagen\/\" \/>\n<meta property=\"og:locale\" content=\"de_DE\" \/>\n<meta property=\"og:type\" content=\"article\" \/>\n<meta property=\"og:title\" content=\"Anlagen\" \/>\n<meta property=\"og:description\" content=\"Unser spanisch Sommercamp und unser englisch Sommercamp finden in Premium-Einrichtungen statt.\" \/>\n<meta property=\"og:url\" content=\"https:\/\/iberiancamps.com\/de\/sommercamps\/anlagen\/\" \/>\n<meta property=\"og:site_name\" content=\"IBERIAN CAMPS\" \/>\n<meta property=\"article:publisher\" content=\"https:\/\/www.facebook.com\/iberiancamps\" \/>\n<meta property=\"article:modified_time\" content=\"2025-11-06T11:25:56+00:00\" \/>\n<meta name=\"twitter:card\" content=\"summary_large_image\" \/>\n<meta name=\"twitter:label1\" content=\"Gesch\u00e4tzte Lesezeit\" \/>\n\t<meta name=\"twitter:data1\" content=\"6\u00a0Minuten\" \/>\n<script type=\"application\/ld+json\" class=\"yoast-schema-graph\">{\"@context\":\"https:\\\/\\\/schema.org\",\"@graph\":[{\"@type\":\"WebPage\",\"@id\":\"https:\\\/\\\/iberiancamps.com\\\/de\\\/sommercamps\\\/anlagen\\\/\",\"url\":\"https:\\\/\\\/iberiancamps.com\\\/de\\\/sommercamps\\\/anlagen\\\/\",\"name\":\"\u25b7 Anlagen unserer Sprachcamps - IBERIAN CAMPS\",\"isPartOf\":{\"@id\":\"https:\\\/\\\/iberiancamps.com\\\/de\\\/#website\"},\"datePublished\":\"2017-03-22T15:31:12+00:00\",\"dateModified\":\"2025-11-06T11:25:56+00:00\",\"description\":\"Unser spanisch Sommercamp und unser englisch Sommercamp finden in Premium-Einrichtungen statt.\",\"breadcrumb\":{\"@id\":\"https:\\\/\\\/iberiancamps.com\\\/de\\\/sommercamps\\\/anlagen\\\/#breadcrumb\"},\"inLanguage\":\"de\",\"potentialAction\":[{\"@type\":\"ReadAction\",\"target\":[\"https:\\\/\\\/iberiancamps.com\\\/de\\\/sommercamps\\\/anlagen\\\/\"]}]},{\"@type\":\"BreadcrumbList\",\"@id\":\"https:\\\/\\\/iberiancamps.com\\\/de\\\/sommercamps\\\/anlagen\\\/#breadcrumb\",\"itemListElement\":[{\"@type\":\"ListItem\",\"position\":1,\"name\":\"Portada\",\"item\":\"https:\\\/\\\/iberiancamps.com\\\/de\\\/\"},{\"@type\":\"ListItem\",\"position\":2,\"name\":\"Sommercamps\",\"item\":\"https:\\\/\\\/iberiancamps.com\\\/de\\\/sommercamps\\\/\"},{\"@type\":\"ListItem\",\"position\":3,\"name\":\"Anlagen\"}]},{\"@type\":\"WebSite\",\"@id\":\"https:\\\/\\\/iberiancamps.com\\\/de\\\/#website\",\"url\":\"https:\\\/\\\/iberiancamps.com\\\/de\\\/\",\"name\":\"IBERIAN CAMPS\",\"description\":\"The Language Experience\",\"publisher\":{\"@id\":\"https:\\\/\\\/iberiancamps.com\\\/de\\\/#organization\"},\"potentialAction\":[{\"@type\":\"SearchAction\",\"target\":{\"@type\":\"EntryPoint\",\"urlTemplate\":\"https:\\\/\\\/iberiancamps.com\\\/de\\\/?s={search_term_string}\"},\"query-input\":{\"@type\":\"PropertyValueSpecification\",\"valueRequired\":true,\"valueName\":\"search_term_string\"}}],\"inLanguage\":\"de\"},{\"@type\":\"Organization\",\"@id\":\"https:\\\/\\\/iberiancamps.com\\\/de\\\/#organization\",\"name\":\"IBERIAN CAMPS\",\"url\":\"https:\\\/\\\/iberiancamps.com\\\/de\\\/\",\"logo\":{\"@type\":\"ImageObject\",\"inLanguage\":\"de\",\"@id\":\"https:\\\/\\\/iberiancamps.com\\\/de\\\/#\\\/schema\\\/logo\\\/image\\\/\",\"url\":\"https:\\\/\\\/iberiancamps.com\\\/wp-content\\\/uploads\\\/2017\\\/03\\\/logo.png\",\"contentUrl\":\"https:\\\/\\\/iberiancamps.com\\\/wp-content\\\/uploads\\\/2017\\\/03\\\/logo.png\",\"width\":300,\"height\":233,\"caption\":\"IBERIAN CAMPS\"},\"image\":{\"@id\":\"https:\\\/\\\/iberiancamps.com\\\/de\\\/#\\\/schema\\\/logo\\\/image\\\/\"},\"sameAs\":[\"https:\\\/\\\/www.facebook.com\\\/iberiancamps\",\"https:\\\/\\\/www.youtube.com\\\/iberiancamps\",\"https:\\\/\\\/www.instagram.com\\\/iberiancamps\"]}]}<\/script>\n<!-- \/ Yoast SEO Premium plugin. -->","yoast_head_json":{"title":"\u25b7 Anlagen unserer Sprachcamps - IBERIAN CAMPS","description":"Unser spanisch Sommercamp und unser englisch Sommercamp finden in Premium-Einrichtungen statt.","robots":{"index":"index","follow":"follow","max-snippet":"max-snippet:-1","max-image-preview":"max-image-preview:large","max-video-preview":"max-video-preview:-1"},"canonical":"https:\/\/iberiancamps.com\/de\/sommercamps\/anlagen\/","og_locale":"de_DE","og_type":"article","og_title":"Anlagen","og_description":"Unser spanisch Sommercamp und unser englisch Sommercamp finden in Premium-Einrichtungen statt.","og_url":"https:\/\/iberiancamps.com\/de\/sommercamps\/anlagen\/","og_site_name":"IBERIAN CAMPS","article_publisher":"https:\/\/www.facebook.com\/iberiancamps","article_modified_time":"2025-11-06T11:25:56+00:00","twitter_card":"summary_large_image","twitter_misc":{"Gesch\u00e4tzte Lesezeit":"6\u00a0Minuten"},"schema":{"@context":"https:\/\/schema.org","@graph":[{"@type":"WebPage","@id":"https:\/\/iberiancamps.com\/de\/sommercamps\/anlagen\/","url":"https:\/\/iberiancamps.com\/de\/sommercamps\/anlagen\/","name":"\u25b7 Anlagen unserer Sprachcamps - IBERIAN CAMPS","isPartOf":{"@id":"https:\/\/iberiancamps.com\/de\/#website"},"datePublished":"2017-03-22T15:31:12+00:00","dateModified":"2025-11-06T11:25:56+00:00","description":"Unser spanisch Sommercamp und unser englisch Sommercamp finden in Premium-Einrichtungen statt.","breadcrumb":{"@id":"https:\/\/iberiancamps.com\/de\/sommercamps\/anlagen\/#breadcrumb"},"inLanguage":"de","potentialAction":[{"@type":"ReadAction","target":["https:\/\/iberiancamps.com\/de\/sommercamps\/anlagen\/"]}]},{"@type":"BreadcrumbList","@id":"https:\/\/iberiancamps.com\/de\/sommercamps\/anlagen\/#breadcrumb","itemListElement":[{"@type":"ListItem","position":1,"name":"Portada","item":"https:\/\/iberiancamps.com\/de\/"},{"@type":"ListItem","position":2,"name":"Sommercamps","item":"https:\/\/iberiancamps.com\/de\/sommercamps\/"},{"@type":"ListItem","position":3,"name":"Anlagen"}]},{"@type":"WebSite","@id":"https:\/\/iberiancamps.com\/de\/#website","url":"https:\/\/iberiancamps.com\/de\/","name":"IBERIAN CAMPS","description":"The Language Experience","publisher":{"@id":"https:\/\/iberiancamps.com\/de\/#organization"},"potentialAction":[{"@type":"SearchAction","target":{"@type":"EntryPoint","urlTemplate":"https:\/\/iberiancamps.com\/de\/?s={search_term_string}"},"query-input":{"@type":"PropertyValueSpecification","valueRequired":true,"valueName":"search_term_string"}}],"inLanguage":"de"},{"@type":"Organization","@id":"https:\/\/iberiancamps.com\/de\/#organization","name":"IBERIAN CAMPS","url":"https:\/\/iberiancamps.com\/de\/","logo":{"@type":"ImageObject","inLanguage":"de","@id":"https:\/\/iberiancamps.com\/de\/#\/schema\/logo\/image\/","url":"https:\/\/iberiancamps.com\/wp-content\/uploads\/2017\/03\/logo.png","contentUrl":"https:\/\/iberiancamps.com\/wp-content\/uploads\/2017\/03\/logo.png","width":300,"height":233,"caption":"IBERIAN CAMPS"},"image":{"@id":"https:\/\/iberiancamps.com\/de\/#\/schema\/logo\/image\/"},"sameAs":["https:\/\/www.facebook.com\/iberiancamps","https:\/\/www.youtube.com\/iberiancamps","https:\/\/www.instagram.com\/iberiancamps"]}]}},"_links":{"self":[{"href":"https:\/\/iberiancamps.com\/de\/wp-json\/wp\/v2\/pages\/9856","targetHints":{"allow":["GET"]}}],"collection":[{"href":"https:\/\/iberiancamps.com\/de\/wp-json\/wp\/v2\/pages"}],"about":[{"href":"https:\/\/iberiancamps.com\/de\/wp-json\/wp\/v2\/types\/page"}],"author":[{"embeddable":true,"href":"https:\/\/iberiancamps.com\/de\/wp-json\/wp\/v2\/users\/1"}],"replies":[{"embeddable":true,"href":"https:\/\/iberiancamps.com\/de\/wp-json\/wp\/v2\/comments?post=9856"}],"version-history":[{"count":20,"href":"https:\/\/iberiancamps.com\/de\/wp-json\/wp\/v2\/pages\/9856\/revisions"}],"predecessor-version":[{"id":16287,"href":"https:\/\/iberiancamps.com\/de\/wp-json\/wp\/v2\/pages\/9856\/revisions\/16287"}],"up":[{"embeddable":true,"href":"https:\/\/iberiancamps.com\/de\/wp-json\/wp\/v2\/pages\/9846"}],"wp:attachment":[{"href":"https:\/\/iberiancamps.com\/de\/wp-json\/wp\/v2\/media?parent=9856"}],"curies":[{"name":"wp","href":"https:\/\/api.w.org\/{rel}","templated":true}]}}