{"id":9857,"date":"2017-11-05T15:32:31","date_gmt":"2017-11-05T15:32:31","guid":{"rendered":"http:\/\/iberiancamps.com\/summer-camps\/activities-and-excursions\/"},"modified":"2024-10-03T10:04:17","modified_gmt":"2024-10-03T10:04:17","slug":"aktivitaeten-und-ausfluege","status":"publish","type":"page","link":"https:\/\/iberiancamps.com\/de\/sommercamps\/aktivitaeten-und-ausfluege\/","title":{"rendered":"Aktivit\u00e4ten und Ausfl\u00fcge"},"content":{"rendered":"<p>[vc_row full_width=&#8221;stretch_row&#8221; css=&#8221;.vc_custom_1575398256737{margin-top: -80px !important;background-image: url(https:\/\/iberiancamps.com\/wp-content\/uploads\/2019\/12\/IMG_4015.jpg?id=11889) !important;background-position: center !important;background-repeat: no-repeat !important;background-size: cover !important;}&#8221;][vc_column][vc_empty_space height=&#8221;300px&#8221;][vc_column_text css=&#8221;.vc_custom_1588090334121{padding-top: 0px !important;padding-right: 10px !important;padding-bottom: 10px !important;padding-left: 10px !important;background-color: rgba(248,248,248,0.89) !important;*background-color: rgb(248,248,248) !important;}&#8221;]<\/p>\n<h2 style=\"text-align: center;\">Aktivit\u00e4ten und Ausfl\u00fcge unserer Sprachcamps<\/h2>\n<p>[\/vc_column_text][vc_separator color=&#8221;white&#8221; css=&#8221;.vc_custom_1490176660267{padding-top: 10px !important;padding-bottom: 10px !important;}&#8221;][vc_empty_space height=&#8221;50px&#8221;][\/vc_column][\/vc_row][vc_row][vc_column][vc_column_text]Die Jugendlichen, die sich f\u00fcr IBERIAN CAMPS entscheiden, suchen nach dem perfekten Urlaub, w\u00e4hrend sie Spanisch, Englisch oder Franz\u00f6sisch lernen. Aber wir d\u00fcrfen nicht vergessen, dass sie auch Freizeit- und Spa\u00dfmomente erfahren sollen. Zu diesem Zweck werden unsere Campteilnehmer jede Woche folgende Aktivit\u00e4ten durchf\u00fchren:[\/vc_column_text][\/vc_column][\/vc_row][vc_row full_width=&#8221;stretch_row&#8221; css=&#8221;.vc_custom_1575398307882{background-image: url(https:\/\/iberiancamps.com\/wp-content\/uploads\/2019\/12\/IMG_3997.jpg?id=11895) !important;background-position: center !important;background-repeat: no-repeat !important;background-size: cover !important;}&#8221;][vc_column width=&#8221;2\/3&#8243; css=&#8221;.vc_custom_1490232359778{padding-top: 50px !important;padding-right: 50px !important;padding-bottom: 50px !important;padding-left: 50px !important;background-color: rgba(248,248,248,0.9) !important;*background-color: rgb(248,248,248) !important;}&#8221;][vc_column_text 0=&#8221;&#8221;]<\/p>\n<h2 style=\"text-align: left;\">MITTWOCH NACHMITTAG<\/h2>\n<p>[\/vc_column_text][vc_empty_space 0=&#8221;&#8221;][vc_column_text 0=&#8221;&#8221;]<strong>\u2022 <\/strong>Spa\u00df und Wasser am Nachmittag in einem Freibad oder am Strand.<\/p>\n<p>[\/vc_column_text][vc_empty_space 0=&#8221;&#8221;][vc_column_text 0=&#8221;&#8221;]<\/p>\n<h2 style=\"text-align: left;\">FREITAG NACHMITTAG<\/h2>\n<p>[\/vc_column_text][vc_empty_space 0=&#8221;&#8221;][vc_column_text 0=&#8221;&#8221;]<strong>\u2022 Alicante<\/strong>. Provinzhauptstadt am Meer, wo Sie interessante Orte wie das historische Zentrum, die Burg Santa Barbara, das Stadtzentrum, den Hafen, die Explanada Promenade, das Arch\u00e4ologische Museum (MARQ), etc. besuchen k\u00f6nnen.<\/p>\n<p><strong>\u2022 Elche<\/strong>. Zweitwichtigste Stadt in der Provinz. Bekannt als &#8220;die Stadt der Palmen&#8221;, hat es zwei Welterbest\u00e4tten. Orte, die einen Besuch wert sind: der Palmenhain, die Basilika Santa Maria, die Altstadt, die Flussseiten usw.<\/p>\n<p><strong>\u2022 H\u00f6hlen von Canelobre.<\/strong> H\u00f6hlengruppe, 145 Millionen Jahre alt, voller Stalaktiten und Stalagmiten.<\/p>\n<p><strong>\u2022 Algar Wasserf\u00e4lle<\/strong>. Naturgebiet voller Wasserf\u00e4lle und Wasserquellen, wo Sie erfrischendes Schwimmen in kristallklarem Wasser genie\u00dfen k\u00f6nnen.<\/p>\n<p><strong>\u2022 Das Turron-Museum<\/strong>. Interessanter kultureller Besuch, um mehr \u00fcber die Geschichte dieser bekannten spanischen S\u00fc\u00dfigkeit zu erfahren.<\/p>\n<p><strong>\u2022 Das Schokoladenmuseum und die Fabrik<\/strong>. Kultureller aber auch lustiger Besuch in der wichtigsten Schokoladenfirma Spaniens.<\/p>\n<p><strong>\u2022 Spiele und Picknick in einem Kiefernwald<\/strong>.<\/p>\n<p><strong>\u2022 Einkaufsnachmittag<\/strong>.<\/p>\n<p><strong>\u2022 Workshop im MARQ Museum<\/strong>.[\/vc_column_text][\/vc_column][vc_column width=&#8221;1\/3&#8243;][\/vc_column][\/vc_row][vc_row full_width=&#8221;stretch_row&#8221; css=&#8221;.vc_custom_1575398363812{background-image: url(https:\/\/iberiancamps.com\/wp-content\/uploads\/2019\/12\/IMG_4281.jpg?id=11900) !important;}&#8221;][vc_column width=&#8221;1\/3&#8243;][\/vc_column][vc_column width=&#8221;2\/3&#8243; css=&#8221;.vc_custom_1490232750582{padding-top: 50px !important;padding-right: 50px !important;padding-bottom: 50px !important;padding-left: 50px !important;background-color: rgba(248,248,248,0.9) !important;*background-color: rgb(248,248,248) !important;}&#8221;][vc_empty_space 0=&#8221;&#8221;][vc_column_text 0=&#8221;&#8221;]<\/p>\n<h2>SAMSTAG<\/h2>\n<p>[\/vc_column_text][vc_empty_space 0=&#8221;&#8221;][vc_column_text 0=&#8221;&#8221;]Ganzt\u00e4giger Ausflug zu den sch\u00f6nsten und interessantesten Orten der Provinz:<\/p>\n<p><strong>\u2022 Guadalest<\/strong>. Touristisches und malerisches Dorf, bekannt durch seine Burg, welche das Tal dominiert.<\/p>\n<p><strong>\u2022 Altea<\/strong>. K\u00fcstenstadt mit einem charmanten historischen Zentrum. Sehr touristischer Ort, wo sie die magischen Ecken und gepflasterten Stra\u00dfen genie\u00dfen k\u00f6nnen.<\/p>\n<p><strong>\u2022 Tabarca<\/strong>. Sehr beliebte Insel in dieser Gegend, mit einem kleinen Fischerdorf, Sand- und Steinstr\u00e4nden und Restaurants, wo Sie ihre bekannte Fischsuppe und die Paella mit Meeresfr\u00fcchten probieren k\u00f6nnen.[\/vc_column_text][vc_empty_space 0=&#8221;&#8221;][vc_column_text 0=&#8221;&#8221;]<\/p>\n<h2 style=\"text-align: left;\">SONNTAG<\/h2>\n<p>[\/vc_column_text][vc_empty_space 0=&#8221;&#8221;][vc_column_text 0=&#8221;&#8221;]Ganzt\u00e4giger Ausflug zu einem Wasserpark, Fun Park oder Strand (Volleyball, Paddle-Tennis, Kajak, SUP Surfen &#8230;)<\/p>\n<p><strong>\u2022 Wasserpark<\/strong>. Aqualandia. Einer der gr\u00f6\u00dften Wasserparks der Welt, mit Wasserrutschen f\u00fcr jedes Alter.<\/p>\n<p><strong>\u2022 Vergn\u00fcgungspark<\/strong>. Terra M\u00edtica. Freizeitpark, der auf den alten mediterranen Zivilisationen basiert (\u00c4gypten, Griechenland und Rom).[\/vc_column_text][\/vc_column][\/vc_row][vc_row full_width=&#8221;stretch_row&#8221; css=&#8221;.vc_custom_1490233723451{background-image: url(https:\/\/iberiancamps.com\/wp-content\/uploads\/2017\/03\/actividades-otras.jpg?id=7973) !important;}&#8221;][vc_column width=&#8221;2\/3&#8243; css=&#8221;.vc_custom_1490233057460{padding-top: 50px !important;padding-right: 50px !important;padding-bottom: 50px !important;padding-left: 50px !important;background-color: rgba(248,248,248,0.9) !important;*background-color: rgb(248,248,248) !important;}&#8221;][vc_empty_space 0=&#8221;&#8221;][vc_column_text 0=&#8221;&#8221;]<\/p>\n<h2 style=\"text-align: left;\">SONSTIGE AKTIVIT\u00c4TEN F\u00dcR FREIZEIT<\/h2>\n<p>[\/vc_column_text][vc_empty_space 0=&#8221;&#8221;][vc_column_text 0=&#8221;&#8221;]<strong>\u2022 <\/strong>Gymkhana durch den Universit\u00e4tscampus<\/p>\n<p><strong>\u2022 <\/strong>Bowling<\/p>\n<p><strong>\u2022 <\/strong>Karaoke<\/p>\n<p><strong>\u2022 <\/strong>Abendessen am Strand<\/p>\n<p><strong>\u2022 <\/strong>Filme, Kurzfilme, Dokumentationen &#8230;<\/p>\n<p><strong>\u2022 <\/strong>Einfaches-Kochen Workshop<\/p>\n<p><strong>\u2022 <\/strong>Erste-Hilfe Workshop<\/p>\n<p><strong>\u2022 <\/strong>Festival am zum Abschluss des Camps[\/vc_column_text][vc_empty_space 0=&#8221;&#8221; height=&#8221;31px&#8221;][\/vc_column][vc_column width=&#8221;1\/3&#8243;][\/vc_column][\/vc_row]<\/p>\n","protected":false},"excerpt":{"rendered":"<p>[vc_row full_width=&#8221;stretch_row&#8221; css=&#8221;.vc_custom_1575398256737{margin-top: -80px !important;background-image: url(https:\/\/iberiancamps.com\/wp-content\/uploads\/2019\/12\/IMG_4015.jpg?id=11889) !important;background-position: center !important;background-repeat: no-repeat !important;background-size: cover !important;}&#8221;][vc_column][vc_empty_space height=&#8221;300px&#8221;][vc_column_text css=&#8221;.vc_custom_1588090334121{padding-top: 0px !important;padding-right: 10px !important;padding-bottom: 10px !important;padding-left: 10px !important;background-color: rgba(248,248,248,0.89) !important;*background-color: rgb(248,248,248) !important;}&#8221;] Aktivit\u00e4ten und Ausfl\u00fcge unserer Sprachcamps [\/vc_column_text][vc_separator color=&#8221;white&#8221; css=&#8221;.vc_custom_1490176660267{padding-top: 10px !important;padding-bottom: 10px !important;}&#8221;][vc_empty_space height=&#8221;50px&#8221;][\/vc_column][\/vc_row][vc_row][vc_column][vc_column_text]Die Jugendlichen, die sich f\u00fcr IBERIAN CAMPS entscheiden, suchen nach dem perfekten Urlaub, w\u00e4hrend sie Spanisch,<\/p>\n","protected":false},"author":1,"featured_media":0,"parent":9846,"menu_order":0,"comment_status":"closed","ping_status":"closed","template":"","meta":{"footnotes":""},"class_list":["post-9857","page","type-page","status-publish","hentry"],"yoast_head":"<!-- This site is optimized with the Yoast SEO Premium plugin v18.2.1 (Yoast SEO v27.6) - https:\/\/yoast.com\/product\/yoast-seo-premium-wordpress\/ -->\n<title>\u25b7 Aktivit\u00e4ten unserer Sprachcamps - IBERIAN CAMPS<\/title>\n<meta name=\"description\" content=\"Ein Sprachaufenthalt voller lustiger Momente und interessanter Ausfl\u00fcge in Alicante. Eine Jugendurlaub in Spanien, um den Sommer zu genie\u00dfen.\" \/>\n<meta name=\"robots\" content=\"index, follow, max-snippet:-1, max-image-preview:large, max-video-preview:-1\" \/>\n<link rel=\"canonical\" href=\"https:\/\/iberiancamps.com\/de\/sommercamps\/aktivitaeten-und-ausfluege\/\" \/>\n<meta property=\"og:locale\" content=\"de_DE\" \/>\n<meta property=\"og:type\" content=\"article\" \/>\n<meta property=\"og:title\" content=\"Aktivit\u00e4ten und Ausfl\u00fcge\" \/>\n<meta property=\"og:description\" content=\"Ein Sprachaufenthalt voller lustiger Momente und interessanter Ausfl\u00fcge in Alicante. Eine Jugendurlaub in Spanien, um den Sommer zu genie\u00dfen.\" \/>\n<meta property=\"og:url\" content=\"https:\/\/iberiancamps.com\/de\/sommercamps\/aktivitaeten-und-ausfluege\/\" \/>\n<meta property=\"og:site_name\" content=\"IBERIAN CAMPS\" \/>\n<meta property=\"article:publisher\" content=\"https:\/\/www.facebook.com\/iberiancamps\" \/>\n<meta property=\"article:modified_time\" content=\"2024-10-03T10:04:17+00:00\" \/>\n<meta name=\"twitter:card\" content=\"summary_large_image\" \/>\n<meta name=\"twitter:label1\" content=\"Gesch\u00e4tzte Lesezeit\" \/>\n\t<meta name=\"twitter:data1\" content=\"3\u00a0Minuten\" \/>\n<script type=\"application\/ld+json\" class=\"yoast-schema-graph\">{\"@context\":\"https:\\\/\\\/schema.org\",\"@graph\":[{\"@type\":\"WebPage\",\"@id\":\"https:\\\/\\\/iberiancamps.com\\\/de\\\/sommercamps\\\/aktivitaeten-und-ausfluege\\\/\",\"url\":\"https:\\\/\\\/iberiancamps.com\\\/de\\\/sommercamps\\\/aktivitaeten-und-ausfluege\\\/\",\"name\":\"\u25b7 Aktivit\u00e4ten unserer Sprachcamps - IBERIAN CAMPS\",\"isPartOf\":{\"@id\":\"https:\\\/\\\/iberiancamps.com\\\/de\\\/#website\"},\"datePublished\":\"2017-11-05T15:32:31+00:00\",\"dateModified\":\"2024-10-03T10:04:17+00:00\",\"description\":\"Ein Sprachaufenthalt voller lustiger Momente und interessanter Ausfl\u00fcge in Alicante. Eine Jugendurlaub in Spanien, um den Sommer zu genie\u00dfen.\",\"breadcrumb\":{\"@id\":\"https:\\\/\\\/iberiancamps.com\\\/de\\\/sommercamps\\\/aktivitaeten-und-ausfluege\\\/#breadcrumb\"},\"inLanguage\":\"de\",\"potentialAction\":[{\"@type\":\"ReadAction\",\"target\":[\"https:\\\/\\\/iberiancamps.com\\\/de\\\/sommercamps\\\/aktivitaeten-und-ausfluege\\\/\"]}]},{\"@type\":\"BreadcrumbList\",\"@id\":\"https:\\\/\\\/iberiancamps.com\\\/de\\\/sommercamps\\\/aktivitaeten-und-ausfluege\\\/#breadcrumb\",\"itemListElement\":[{\"@type\":\"ListItem\",\"position\":1,\"name\":\"Portada\",\"item\":\"https:\\\/\\\/iberiancamps.com\\\/de\\\/\"},{\"@type\":\"ListItem\",\"position\":2,\"name\":\"Sommercamps\",\"item\":\"https:\\\/\\\/iberiancamps.com\\\/de\\\/sommercamps\\\/\"},{\"@type\":\"ListItem\",\"position\":3,\"name\":\"Aktivit\u00e4ten und Ausfl\u00fcge\"}]},{\"@type\":\"WebSite\",\"@id\":\"https:\\\/\\\/iberiancamps.com\\\/de\\\/#website\",\"url\":\"https:\\\/\\\/iberiancamps.com\\\/de\\\/\",\"name\":\"IBERIAN CAMPS\",\"description\":\"The Language Experience\",\"publisher\":{\"@id\":\"https:\\\/\\\/iberiancamps.com\\\/de\\\/#organization\"},\"potentialAction\":[{\"@type\":\"SearchAction\",\"target\":{\"@type\":\"EntryPoint\",\"urlTemplate\":\"https:\\\/\\\/iberiancamps.com\\\/de\\\/?s={search_term_string}\"},\"query-input\":{\"@type\":\"PropertyValueSpecification\",\"valueRequired\":true,\"valueName\":\"search_term_string\"}}],\"inLanguage\":\"de\"},{\"@type\":\"Organization\",\"@id\":\"https:\\\/\\\/iberiancamps.com\\\/de\\\/#organization\",\"name\":\"IBERIAN CAMPS\",\"url\":\"https:\\\/\\\/iberiancamps.com\\\/de\\\/\",\"logo\":{\"@type\":\"ImageObject\",\"inLanguage\":\"de\",\"@id\":\"https:\\\/\\\/iberiancamps.com\\\/de\\\/#\\\/schema\\\/logo\\\/image\\\/\",\"url\":\"https:\\\/\\\/iberiancamps.com\\\/wp-content\\\/uploads\\\/2017\\\/03\\\/logo.png\",\"contentUrl\":\"https:\\\/\\\/iberiancamps.com\\\/wp-content\\\/uploads\\\/2017\\\/03\\\/logo.png\",\"width\":300,\"height\":233,\"caption\":\"IBERIAN CAMPS\"},\"image\":{\"@id\":\"https:\\\/\\\/iberiancamps.com\\\/de\\\/#\\\/schema\\\/logo\\\/image\\\/\"},\"sameAs\":[\"https:\\\/\\\/www.facebook.com\\\/iberiancamps\",\"https:\\\/\\\/www.youtube.com\\\/iberiancamps\",\"https:\\\/\\\/www.instagram.com\\\/iberiancamps\"]}]}<\/script>\n<!-- \/ Yoast SEO Premium plugin. -->","yoast_head_json":{"title":"\u25b7 Aktivit\u00e4ten unserer Sprachcamps - IBERIAN CAMPS","description":"Ein Sprachaufenthalt voller lustiger Momente und interessanter Ausfl\u00fcge in Alicante. Eine Jugendurlaub in Spanien, um den Sommer zu genie\u00dfen.","robots":{"index":"index","follow":"follow","max-snippet":"max-snippet:-1","max-image-preview":"max-image-preview:large","max-video-preview":"max-video-preview:-1"},"canonical":"https:\/\/iberiancamps.com\/de\/sommercamps\/aktivitaeten-und-ausfluege\/","og_locale":"de_DE","og_type":"article","og_title":"Aktivit\u00e4ten und Ausfl\u00fcge","og_description":"Ein Sprachaufenthalt voller lustiger Momente und interessanter Ausfl\u00fcge in Alicante. Eine Jugendurlaub in Spanien, um den Sommer zu genie\u00dfen.","og_url":"https:\/\/iberiancamps.com\/de\/sommercamps\/aktivitaeten-und-ausfluege\/","og_site_name":"IBERIAN CAMPS","article_publisher":"https:\/\/www.facebook.com\/iberiancamps","article_modified_time":"2024-10-03T10:04:17+00:00","twitter_card":"summary_large_image","twitter_misc":{"Gesch\u00e4tzte Lesezeit":"3\u00a0Minuten"},"schema":{"@context":"https:\/\/schema.org","@graph":[{"@type":"WebPage","@id":"https:\/\/iberiancamps.com\/de\/sommercamps\/aktivitaeten-und-ausfluege\/","url":"https:\/\/iberiancamps.com\/de\/sommercamps\/aktivitaeten-und-ausfluege\/","name":"\u25b7 Aktivit\u00e4ten unserer Sprachcamps - IBERIAN CAMPS","isPartOf":{"@id":"https:\/\/iberiancamps.com\/de\/#website"},"datePublished":"2017-11-05T15:32:31+00:00","dateModified":"2024-10-03T10:04:17+00:00","description":"Ein Sprachaufenthalt voller lustiger Momente und interessanter Ausfl\u00fcge in Alicante. Eine Jugendurlaub in Spanien, um den Sommer zu genie\u00dfen.","breadcrumb":{"@id":"https:\/\/iberiancamps.com\/de\/sommercamps\/aktivitaeten-und-ausfluege\/#breadcrumb"},"inLanguage":"de","potentialAction":[{"@type":"ReadAction","target":["https:\/\/iberiancamps.com\/de\/sommercamps\/aktivitaeten-und-ausfluege\/"]}]},{"@type":"BreadcrumbList","@id":"https:\/\/iberiancamps.com\/de\/sommercamps\/aktivitaeten-und-ausfluege\/#breadcrumb","itemListElement":[{"@type":"ListItem","position":1,"name":"Portada","item":"https:\/\/iberiancamps.com\/de\/"},{"@type":"ListItem","position":2,"name":"Sommercamps","item":"https:\/\/iberiancamps.com\/de\/sommercamps\/"},{"@type":"ListItem","position":3,"name":"Aktivit\u00e4ten und Ausfl\u00fcge"}]},{"@type":"WebSite","@id":"https:\/\/iberiancamps.com\/de\/#website","url":"https:\/\/iberiancamps.com\/de\/","name":"IBERIAN CAMPS","description":"The Language Experience","publisher":{"@id":"https:\/\/iberiancamps.com\/de\/#organization"},"potentialAction":[{"@type":"SearchAction","target":{"@type":"EntryPoint","urlTemplate":"https:\/\/iberiancamps.com\/de\/?s={search_term_string}"},"query-input":{"@type":"PropertyValueSpecification","valueRequired":true,"valueName":"search_term_string"}}],"inLanguage":"de"},{"@type":"Organization","@id":"https:\/\/iberiancamps.com\/de\/#organization","name":"IBERIAN CAMPS","url":"https:\/\/iberiancamps.com\/de\/","logo":{"@type":"ImageObject","inLanguage":"de","@id":"https:\/\/iberiancamps.com\/de\/#\/schema\/logo\/image\/","url":"https:\/\/iberiancamps.com\/wp-content\/uploads\/2017\/03\/logo.png","contentUrl":"https:\/\/iberiancamps.com\/wp-content\/uploads\/2017\/03\/logo.png","width":300,"height":233,"caption":"IBERIAN CAMPS"},"image":{"@id":"https:\/\/iberiancamps.com\/de\/#\/schema\/logo\/image\/"},"sameAs":["https:\/\/www.facebook.com\/iberiancamps","https:\/\/www.youtube.com\/iberiancamps","https:\/\/www.instagram.com\/iberiancamps"]}]}},"_links":{"self":[{"href":"https:\/\/iberiancamps.com\/de\/wp-json\/wp\/v2\/pages\/9857","targetHints":{"allow":["GET"]}}],"collection":[{"href":"https:\/\/iberiancamps.com\/de\/wp-json\/wp\/v2\/pages"}],"about":[{"href":"https:\/\/iberiancamps.com\/de\/wp-json\/wp\/v2\/types\/page"}],"author":[{"embeddable":true,"href":"https:\/\/iberiancamps.com\/de\/wp-json\/wp\/v2\/users\/1"}],"replies":[{"embeddable":true,"href":"https:\/\/iberiancamps.com\/de\/wp-json\/wp\/v2\/comments?post=9857"}],"version-history":[{"count":11,"href":"https:\/\/iberiancamps.com\/de\/wp-json\/wp\/v2\/pages\/9857\/revisions"}],"predecessor-version":[{"id":15114,"href":"https:\/\/iberiancamps.com\/de\/wp-json\/wp\/v2\/pages\/9857\/revisions\/15114"}],"up":[{"embeddable":true,"href":"https:\/\/iberiancamps.com\/de\/wp-json\/wp\/v2\/pages\/9846"}],"wp:attachment":[{"href":"https:\/\/iberiancamps.com\/de\/wp-json\/wp\/v2\/media?parent=9857"}],"curies":[{"name":"wp","href":"https:\/\/api.w.org\/{rel}","templated":true}]}}