{"id":9862,"date":"2017-03-22T20:24:43","date_gmt":"2017-03-22T20:24:43","guid":{"rendered":"http:\/\/iberiancamps.com\/summer-camps\/terms-and-conditions\/"},"modified":"2025-03-19T11:30:04","modified_gmt":"2025-03-19T11:30:04","slug":"geschaeftsbedingungen","status":"publish","type":"page","link":"https:\/\/iberiancamps.com\/de\/sommercamps\/geschaeftsbedingungen\/","title":{"rendered":"Gesch\u00e4ftsbedingungen"},"content":{"rendered":"<p>[vc_row full_width=&#8221;stretch_row&#8221; css=&#8221;.vc_custom_1617116919187{margin-top: -80px !important;background-image: url(https:\/\/iberiancamps.com\/wp-content\/uploads\/2019\/12\/terminos.jpg?id=11924) !important;background-position: center !important;background-repeat: no-repeat !important;background-size: cover !important;}&#8221;][vc_column 0=&#8221;&#8221;][vc_empty_space height=&#8221;300px&#8221;][vc_column_text 0=&#8221;&#8221; css=&#8221;.vc_custom_1588095457071{padding-top: 0px !important;padding-right: 10px !important;padding-bottom: 10px !important;padding-left: 10px !important;background-color: rgba(248,248,248,0.89) !important;*background-color: rgb(248,248,248) !important;}&#8221;]<\/p>\n<h2 style=\"text-align: center;\">Gesch\u00e4ftsbedingungen unserer Sprachcamps<\/h2>\n<p>[\/vc_column_text][vc_separator color=&#8221;white&#8221; css=&#8221;.vc_custom_1490176660267{padding-top: 10px !important;padding-bottom: 10px !important;}&#8221;][vc_empty_space height=&#8221;50px&#8221;][\/vc_column][\/vc_row][vc_row 0=&#8221;&#8221;][vc_column 0=&#8221;&#8221;][vc_column_text 0=&#8221;&#8221;]<\/p>\n<h2>ZAHLUNGSBEDINGUNGEN<\/h2>\n<p>Die Reservierung des Sprachcamps in Spanien wird best\u00e4tigt, nachdem die Anzahlung von <strong>30% des Gesamtpreises eingegangen ist<\/strong> und Sie das <strong>Anfrageformular<\/strong> ausgef\u00fcllt haben, welches Ihnen per E-Mail zugesendet wird. Die Zahlung erfolgt per Kreditkarte oder Bank\u00fcberweisung. Diese Anzahlung wird vom Gesamtpreis des Feriencamps abgezogen, und diese 70% m\u00fcssen bis einen Monat vor Beginn des Sprachcamps bezahlt werden. Wir bitten Sie, uns eine Kopie Ihres Bankbelegs per E-Mail zu senden, um die Zahlungsbest\u00e4tigung und die Reservierung des Campingplatzes zu beschleunigen.<\/p>\n<p>Bitte finden Sie hier die Details unseres Bankkontos:<\/p>\n<blockquote><p>Kontoinhaber: IBERIAN MULTILINGUAL PROJECTS, S.L.<\/p>\n<p>IBAN: ES44 0182 6874 8602 0168 5502<\/p>\n<p>BIC\/SWIFT: BBVAESMM<\/p>\n<p>Bank: BANCO BILBAO VIZCAYA ARGENTARIA S.A.<\/p><\/blockquote>\n<p>Alle Bankgeb\u00fchren liegen in der Verantwortung des Teilnehmers.<\/p>\n<p>Vergessen Sie bitte nicht, den Namen des Campteilnehmers zu notieren wenn Sie Ihre \u00dcberweisung t\u00e4tigen.<\/p>\n<p>F\u00fcr die Teilnehmer, die ein Visum ben\u00f6tigen, wird sich Iberian Camps nach Erhalt der vereinbarten Anzahlung, um die n\u00f6tigen Dokumente k\u00fcmmern.[\/vc_column_text][vc_empty_space][vc_column_text 0=&#8221;&#8221;]<\/p>\n<h2><\/h2>\n<h2><u><\/u>GELDR\u00dcCKERSTATTUNG<\/h2>\n<p>Teilnehmer k\u00f6nnen ihre Reservierung vor Beginn des Camps per E-Mail stornieren.<\/p>\n<p><strong>\u2022 <\/strong>Wenn das Camp bis vor einem Monat vor Beginn abgesagt wird, werden 85% des Gesamtpreises erstattet.<\/p>\n<p><strong>\u2022 <\/strong>Wenn das Camp 7 bis 30 Tage vor dem Start storniert wird, werden 50% des Gesamtpreises erstattet.<\/p>\n<p><strong>\u2022 <\/strong>F\u00fcr diejenigen, die ihr Camp innerhalb der 7 Tage vor dem Start stornieren, wird keine R\u00fcckerstattung geleistet.<\/p>\n<p>Anfallende Banktransferkosten bei der R\u00fcckerstattung werden vom Kunden \u00fcbernommen.<\/p>\n<p>Sollte die Stornierung aufgrund einer Ablehnung des Visums des spanischen Konsulats stattfinden, wird Iberian Camp bei Erhalt der Kopie des Ablehnungsschreibens den \u00fcberwiesenen Betrag, ausgenommen 150 Euro Verwaltungskosten, zur\u00fcckerstatten.<\/p>\n<p>Jedoch informieren wir Sie, dass Iberian Camps eine <strong><u>Stornierungsversicherung<\/u><\/strong> anbietet, die speziell f\u00fcr Kunden entwickelt wurde, die ihre Reservierung absichern m\u00f6chten.<\/p>\n<button class='pum-trigger  popmake-15964  ' data-do-default=''>(+Info)<\/button>\n<h3>Um Ihren Aufenthalt im Camp zu verk\u00fcrzen<\/h3>\n<p>Sobald das Camp beginnt, erstatten wir keinen Betrag, falls der Teilnehmer seinen Aufenthalt verk\u00fcrzen m\u00f6chte.<\/p>\n<h3>Nichterscheinen, zu sp\u00e4tes Erscheinen oder Verlassen des Camps<\/h3>\n<p>Sobald das Camp beginnt, erstatten wir keinen Betrag, falls der Teilnehmer nicht erscheint, zu sp\u00e4t erscheint oder das Camp verl\u00e4sst. Sollte der Teilnehmer das Camp f\u00fcr einen oder mehrere Tage verlassen, wird er am Ende des Camps nicht mit zus\u00e4tzlichen Tagen entsch\u00e4digt.[\/vc_column_text][vc_empty_space][vc_column_text 0=&#8221;&#8221;]<\/p>\n<h2><\/h2>\n<h2>VERSICHERUNG<\/h2>\n<p>Der Gesamtpreis unseres Camps beinhaltet folgende Versicherungen:<\/p>\n<p><strong>\u2022 <\/strong>Haftpflichtversicherung<\/p>\n<p><strong>\u2022 <\/strong>Unfallversicherung<\/p>\n<p>Alle Teilnehmer m\u00fcssen Folgendes mitbringen:<\/p>\n<p><strong>\u2022 <\/strong>Wenn sie Spanisch sind, ihre NATIONALE GESUNDHEITSKARTE (bitte senden Sie uns im Voraus eine Kopie per E-Mail)<\/p>\n<p><strong>\u2022 <\/strong>Wenn sie aus einem EU-Land kommen, ihre EUROP\u00c4ISCHE GESUNDHEITSVERSICHERUNGSKARTE (bitte senden Sie uns im Voraus eine Kopie per E-Mail)<\/p>\n<p><strong>\u2022 <\/strong>Falls der Teilnehmer eine private Krankenversicherung hat, muss diese bitte ebenfalls per E-Mail an uns gesendet werden<\/p>\n<p>Wir empfehlen allen unseren Kunden, eine Reiseversicherung f\u00fcr den Teilnehmer abzuschlie\u00dfen. Wenn Sie es w\u00fcnschen, k\u00f6nnen wir es f\u00fcr Sie erledigen. Der Preis betr\u00e4gt 40 \u20ac bis 95 \u20ac, je nach Abdeckung.<\/p>\n<p>Dar\u00fcber hinaus m\u00fcssen wir per E-Mail \u00fcber jede Art von Krankheit, Allergie, Nahrungsmittelintoleranz, spezielle Di\u00e4t oder Medikamente, die der Teilnehmer ben\u00f6tigt, informiert werden. Zu diesem Zweck m\u00fcssen Sie uns ein \u00e4rztliches Attest schicken (unterschrieben von Vater \u00a0\/ Mutter \/ Erziehungsberechtigten). Mit den entsprechenden Informationen k\u00f6nnen unsere Betreuer daf\u00fcr verantwortlich sein, dem Teilnehmer die Medikamente zu geben.[\/vc_column_text][vc_empty_space][vc_column_text 0=&#8221;&#8221;]<\/p>\n<h2>VERHALTENSREGELN UND VERTRAGSRECHT<\/h2>\n<p>IBERIAN CAMPS legt sehr hohen Wert darauf, dass sich unsere Sch\u00fcler sicher f\u00fchlen und somit das Beste aus ihrer Erfahrung machen k\u00f6nnen. Aus diesem Grund tolerieren wir kein aggressives Verhalten, Mobbing oder Missbrauch. Sollte dies der Fall sein, hat IBERIAN CAMPS das Recht, den verantwortlichen Teilnehmer aus dem Camp zu verweisen.<\/p>\n<p>Ebenso behalten wir uns das Ausschlu\u00dfverbot f\u00fcr den Teilnehmer vor, der unsere Disziplinregeln nicht wiederholt respektiert. In all diesen F\u00e4llen erstatten wir den bezahlten Betrag f\u00fcr das Camp nicht und sind nicht verantwortlich f\u00fcr die Bereitstellung einer alternativen Unterkunft oder Transport. Diese zus\u00e4tzlichen Kosten sind vom Sch\u00fcler oder von Eltern\/Erziehungsberechtigten zu tragen.[\/vc_column_text][vc_empty_space][vc_column_text 0=&#8221;&#8221;]<\/p>\n<h2><\/h2>\n<h2>\u00c4NDERUNG VON UNTERRICHT UND AKTIVIT\u00c4TEN<\/h2>\n<p>Unser Unternehmen kann gelegentlich gezwungen sein, \u00c4nderungen an unseren Dienstleistungen vorzunehmen, und wir behalten uns das Recht vor, dies zu tun und bieten jedoch immer eine entsprechende Alternative an. Dar\u00fcber hinaus behalten wir uns das Recht vor, an Kursen teilzunehmen, wenn die Anzahl der Sch\u00fcler nicht unser Minimum erreicht.[\/vc_column_text][vc_empty_space][\/vc_column][\/vc_row]<\/p>\n","protected":false},"excerpt":{"rendered":"<p>[vc_row full_width=&#8221;stretch_row&#8221; css=&#8221;.vc_custom_1617116919187{margin-top: -80px !important;background-image: url(https:\/\/iberiancamps.com\/wp-content\/uploads\/2019\/12\/terminos.jpg?id=11924) !important;background-position: center !important;background-repeat: no-repeat !important;background-size: cover !important;}&#8221;][vc_column 0=&#8221;&#8221;][vc_empty_space height=&#8221;300px&#8221;][vc_column_text 0=&#8221;&#8221; css=&#8221;.vc_custom_1588095457071{padding-top: 0px !important;padding-right: 10px !important;padding-bottom: 10px !important;padding-left: 10px !important;background-color: rgba(248,248,248,0.89) !important;*background-color: rgb(248,248,248) !important;}&#8221;] Gesch\u00e4ftsbedingungen unserer Sprachcamps [\/vc_column_text][vc_separator color=&#8221;white&#8221; css=&#8221;.vc_custom_1490176660267{padding-top: 10px !important;padding-bottom: 10px !important;}&#8221;][vc_empty_space height=&#8221;50px&#8221;][\/vc_column][\/vc_row][vc_row 0=&#8221;&#8221;][vc_column 0=&#8221;&#8221;][vc_column_text 0=&#8221;&#8221;] ZAHLUNGSBEDINGUNGEN Die Reservierung des Sprachcamps in Spanien wird best\u00e4tigt, nachdem die Anzahlung<\/p>\n","protected":false},"author":1,"featured_media":0,"parent":9846,"menu_order":0,"comment_status":"closed","ping_status":"closed","template":"","meta":{"footnotes":""},"class_list":["post-9862","page","type-page","status-publish","hentry"],"yoast_head":"<!-- This site is optimized with the Yoast SEO Premium plugin v18.2.1 (Yoast SEO v27.6) - https:\/\/yoast.com\/product\/yoast-seo-premium-wordpress\/ -->\n<title>\u25b7 Gesch\u00e4ftsbedingungen Sprachcamps - IBERIAN CAMPS<\/title>\n<meta name=\"description\" content=\"Zahlungsbedingungen, R\u00fcckerstattungspolitik, Verhaltensregeln, Vertragsrecht und andere wichtige Informationen.\" \/>\n<meta name=\"robots\" content=\"index, follow, max-snippet:-1, max-image-preview:large, max-video-preview:-1\" \/>\n<link rel=\"canonical\" href=\"https:\/\/iberiancamps.com\/de\/sommercamps\/geschaeftsbedingungen\/\" \/>\n<meta property=\"og:locale\" content=\"de_DE\" \/>\n<meta property=\"og:type\" content=\"article\" \/>\n<meta property=\"og:title\" content=\"Gesch\u00e4ftsbedingungen\" \/>\n<meta property=\"og:description\" content=\"Zahlungsbedingungen, R\u00fcckerstattungspolitik, Verhaltensregeln, Vertragsrecht und andere wichtige Informationen.\" \/>\n<meta property=\"og:url\" content=\"https:\/\/iberiancamps.com\/de\/sommercamps\/geschaeftsbedingungen\/\" \/>\n<meta property=\"og:site_name\" content=\"IBERIAN CAMPS\" \/>\n<meta property=\"article:publisher\" content=\"https:\/\/www.facebook.com\/iberiancamps\" \/>\n<meta property=\"article:modified_time\" content=\"2025-03-19T11:30:04+00:00\" \/>\n<meta name=\"twitter:card\" content=\"summary_large_image\" \/>\n<meta name=\"twitter:label1\" content=\"Gesch\u00e4tzte Lesezeit\" \/>\n\t<meta name=\"twitter:data1\" content=\"4\u00a0Minuten\" \/>\n<script type=\"application\/ld+json\" class=\"yoast-schema-graph\">{\"@context\":\"https:\\\/\\\/schema.org\",\"@graph\":[{\"@type\":\"WebPage\",\"@id\":\"https:\\\/\\\/iberiancamps.com\\\/de\\\/sommercamps\\\/geschaeftsbedingungen\\\/\",\"url\":\"https:\\\/\\\/iberiancamps.com\\\/de\\\/sommercamps\\\/geschaeftsbedingungen\\\/\",\"name\":\"\u25b7 Gesch\u00e4ftsbedingungen Sprachcamps - IBERIAN CAMPS\",\"isPartOf\":{\"@id\":\"https:\\\/\\\/iberiancamps.com\\\/de\\\/#website\"},\"datePublished\":\"2017-03-22T20:24:43+00:00\",\"dateModified\":\"2025-03-19T11:30:04+00:00\",\"description\":\"Zahlungsbedingungen, R\u00fcckerstattungspolitik, Verhaltensregeln, Vertragsrecht und andere wichtige Informationen.\",\"breadcrumb\":{\"@id\":\"https:\\\/\\\/iberiancamps.com\\\/de\\\/sommercamps\\\/geschaeftsbedingungen\\\/#breadcrumb\"},\"inLanguage\":\"de\",\"potentialAction\":[{\"@type\":\"ReadAction\",\"target\":[\"https:\\\/\\\/iberiancamps.com\\\/de\\\/sommercamps\\\/geschaeftsbedingungen\\\/\"]}]},{\"@type\":\"BreadcrumbList\",\"@id\":\"https:\\\/\\\/iberiancamps.com\\\/de\\\/sommercamps\\\/geschaeftsbedingungen\\\/#breadcrumb\",\"itemListElement\":[{\"@type\":\"ListItem\",\"position\":1,\"name\":\"Portada\",\"item\":\"https:\\\/\\\/iberiancamps.com\\\/de\\\/\"},{\"@type\":\"ListItem\",\"position\":2,\"name\":\"Sommercamps\",\"item\":\"https:\\\/\\\/iberiancamps.com\\\/de\\\/sommercamps\\\/\"},{\"@type\":\"ListItem\",\"position\":3,\"name\":\"Gesch\u00e4ftsbedingungen\"}]},{\"@type\":\"WebSite\",\"@id\":\"https:\\\/\\\/iberiancamps.com\\\/de\\\/#website\",\"url\":\"https:\\\/\\\/iberiancamps.com\\\/de\\\/\",\"name\":\"IBERIAN CAMPS\",\"description\":\"The Language Experience\",\"publisher\":{\"@id\":\"https:\\\/\\\/iberiancamps.com\\\/de\\\/#organization\"},\"potentialAction\":[{\"@type\":\"SearchAction\",\"target\":{\"@type\":\"EntryPoint\",\"urlTemplate\":\"https:\\\/\\\/iberiancamps.com\\\/de\\\/?s={search_term_string}\"},\"query-input\":{\"@type\":\"PropertyValueSpecification\",\"valueRequired\":true,\"valueName\":\"search_term_string\"}}],\"inLanguage\":\"de\"},{\"@type\":\"Organization\",\"@id\":\"https:\\\/\\\/iberiancamps.com\\\/de\\\/#organization\",\"name\":\"IBERIAN CAMPS\",\"url\":\"https:\\\/\\\/iberiancamps.com\\\/de\\\/\",\"logo\":{\"@type\":\"ImageObject\",\"inLanguage\":\"de\",\"@id\":\"https:\\\/\\\/iberiancamps.com\\\/de\\\/#\\\/schema\\\/logo\\\/image\\\/\",\"url\":\"https:\\\/\\\/iberiancamps.com\\\/wp-content\\\/uploads\\\/2017\\\/03\\\/logo.png\",\"contentUrl\":\"https:\\\/\\\/iberiancamps.com\\\/wp-content\\\/uploads\\\/2017\\\/03\\\/logo.png\",\"width\":300,\"height\":233,\"caption\":\"IBERIAN CAMPS\"},\"image\":{\"@id\":\"https:\\\/\\\/iberiancamps.com\\\/de\\\/#\\\/schema\\\/logo\\\/image\\\/\"},\"sameAs\":[\"https:\\\/\\\/www.facebook.com\\\/iberiancamps\",\"https:\\\/\\\/www.youtube.com\\\/iberiancamps\",\"https:\\\/\\\/www.instagram.com\\\/iberiancamps\"]}]}<\/script>\n<!-- \/ Yoast SEO Premium plugin. -->","yoast_head_json":{"title":"\u25b7 Gesch\u00e4ftsbedingungen Sprachcamps - IBERIAN CAMPS","description":"Zahlungsbedingungen, R\u00fcckerstattungspolitik, Verhaltensregeln, Vertragsrecht und andere wichtige Informationen.","robots":{"index":"index","follow":"follow","max-snippet":"max-snippet:-1","max-image-preview":"max-image-preview:large","max-video-preview":"max-video-preview:-1"},"canonical":"https:\/\/iberiancamps.com\/de\/sommercamps\/geschaeftsbedingungen\/","og_locale":"de_DE","og_type":"article","og_title":"Gesch\u00e4ftsbedingungen","og_description":"Zahlungsbedingungen, R\u00fcckerstattungspolitik, Verhaltensregeln, Vertragsrecht und andere wichtige Informationen.","og_url":"https:\/\/iberiancamps.com\/de\/sommercamps\/geschaeftsbedingungen\/","og_site_name":"IBERIAN CAMPS","article_publisher":"https:\/\/www.facebook.com\/iberiancamps","article_modified_time":"2025-03-19T11:30:04+00:00","twitter_card":"summary_large_image","twitter_misc":{"Gesch\u00e4tzte Lesezeit":"4\u00a0Minuten"},"schema":{"@context":"https:\/\/schema.org","@graph":[{"@type":"WebPage","@id":"https:\/\/iberiancamps.com\/de\/sommercamps\/geschaeftsbedingungen\/","url":"https:\/\/iberiancamps.com\/de\/sommercamps\/geschaeftsbedingungen\/","name":"\u25b7 Gesch\u00e4ftsbedingungen Sprachcamps - IBERIAN CAMPS","isPartOf":{"@id":"https:\/\/iberiancamps.com\/de\/#website"},"datePublished":"2017-03-22T20:24:43+00:00","dateModified":"2025-03-19T11:30:04+00:00","description":"Zahlungsbedingungen, R\u00fcckerstattungspolitik, Verhaltensregeln, Vertragsrecht und andere wichtige Informationen.","breadcrumb":{"@id":"https:\/\/iberiancamps.com\/de\/sommercamps\/geschaeftsbedingungen\/#breadcrumb"},"inLanguage":"de","potentialAction":[{"@type":"ReadAction","target":["https:\/\/iberiancamps.com\/de\/sommercamps\/geschaeftsbedingungen\/"]}]},{"@type":"BreadcrumbList","@id":"https:\/\/iberiancamps.com\/de\/sommercamps\/geschaeftsbedingungen\/#breadcrumb","itemListElement":[{"@type":"ListItem","position":1,"name":"Portada","item":"https:\/\/iberiancamps.com\/de\/"},{"@type":"ListItem","position":2,"name":"Sommercamps","item":"https:\/\/iberiancamps.com\/de\/sommercamps\/"},{"@type":"ListItem","position":3,"name":"Gesch\u00e4ftsbedingungen"}]},{"@type":"WebSite","@id":"https:\/\/iberiancamps.com\/de\/#website","url":"https:\/\/iberiancamps.com\/de\/","name":"IBERIAN CAMPS","description":"The Language Experience","publisher":{"@id":"https:\/\/iberiancamps.com\/de\/#organization"},"potentialAction":[{"@type":"SearchAction","target":{"@type":"EntryPoint","urlTemplate":"https:\/\/iberiancamps.com\/de\/?s={search_term_string}"},"query-input":{"@type":"PropertyValueSpecification","valueRequired":true,"valueName":"search_term_string"}}],"inLanguage":"de"},{"@type":"Organization","@id":"https:\/\/iberiancamps.com\/de\/#organization","name":"IBERIAN CAMPS","url":"https:\/\/iberiancamps.com\/de\/","logo":{"@type":"ImageObject","inLanguage":"de","@id":"https:\/\/iberiancamps.com\/de\/#\/schema\/logo\/image\/","url":"https:\/\/iberiancamps.com\/wp-content\/uploads\/2017\/03\/logo.png","contentUrl":"https:\/\/iberiancamps.com\/wp-content\/uploads\/2017\/03\/logo.png","width":300,"height":233,"caption":"IBERIAN CAMPS"},"image":{"@id":"https:\/\/iberiancamps.com\/de\/#\/schema\/logo\/image\/"},"sameAs":["https:\/\/www.facebook.com\/iberiancamps","https:\/\/www.youtube.com\/iberiancamps","https:\/\/www.instagram.com\/iberiancamps"]}]}},"_links":{"self":[{"href":"https:\/\/iberiancamps.com\/de\/wp-json\/wp\/v2\/pages\/9862","targetHints":{"allow":["GET"]}}],"collection":[{"href":"https:\/\/iberiancamps.com\/de\/wp-json\/wp\/v2\/pages"}],"about":[{"href":"https:\/\/iberiancamps.com\/de\/wp-json\/wp\/v2\/types\/page"}],"author":[{"embeddable":true,"href":"https:\/\/iberiancamps.com\/de\/wp-json\/wp\/v2\/users\/1"}],"replies":[{"embeddable":true,"href":"https:\/\/iberiancamps.com\/de\/wp-json\/wp\/v2\/comments?post=9862"}],"version-history":[{"count":14,"href":"https:\/\/iberiancamps.com\/de\/wp-json\/wp\/v2\/pages\/9862\/revisions"}],"predecessor-version":[{"id":15966,"href":"https:\/\/iberiancamps.com\/de\/wp-json\/wp\/v2\/pages\/9862\/revisions\/15966"}],"up":[{"embeddable":true,"href":"https:\/\/iberiancamps.com\/de\/wp-json\/wp\/v2\/pages\/9846"}],"wp:attachment":[{"href":"https:\/\/iberiancamps.com\/de\/wp-json\/wp\/v2\/media?parent=9862"}],"curies":[{"name":"wp","href":"https:\/\/api.w.org\/{rel}","templated":true}]}}