{"id":9725,"date":"2017-03-22T20:24:43","date_gmt":"2017-03-22T20:24:43","guid":{"rendered":"http:\/\/iberiancamps.com\/camps-ete\/terminos-y-condiciones\/"},"modified":"2025-03-19T11:38:54","modified_gmt":"2025-03-19T11:38:54","slug":"termes-et-conditions","status":"publish","type":"page","link":"https:\/\/iberiancamps.com\/fr\/camps-ete\/termes-et-conditions\/","title":{"rendered":"Termes et Conditions"},"content":{"rendered":"<p>[vc_row full_width=&#8221;stretch_row&#8221; css=&#8221;.vc_custom_1575453638939{margin-top: -80px !important;background-image: url(https:\/\/iberiancamps.com\/wp-content\/uploads\/2019\/12\/terminos.jpg?id=11923) !important;background-position: center !important;background-repeat: no-repeat !important;background-size: cover !important;}&#8221;][vc_column][vc_empty_space height=&#8221;300px&#8221;][vc_column_text css=&#8221;.vc_custom_1546859504209{padding-top: 0px !important;padding-right: 10px !important;padding-bottom: 10px !important;padding-left: 10px !important;background-color: rgba(248,248,248,0.89) !important;*background-color: rgb(248,248,248) !important;}&#8221;]<\/p>\n<h2 style=\"text-align: center;\">Termes et Conditions<\/h2>\n<p>[\/vc_column_text][vc_separator color=&#8221;white&#8221; css=&#8221;.vc_custom_1490176660267{padding-top: 10px !important;padding-bottom: 10px !important;}&#8221;][vc_empty_space height=&#8221;50px&#8221;][\/vc_column][\/vc_row][vc_row][vc_column][vc_column_text]<\/p>\n<h2>CONDITIONS DE PAIEMENT<\/h2>\n<p>Afin de r\u00e9server une place, il est indispensable de <strong>verser 30% d&#8217;arrhes comme caution<\/strong>, et de remplir notre <strong>formulaire d\u2019inscription<\/strong>, que nous vous enverrons par email. Le paiement devra s\u2019effectuer par carte de cr\u00e9dit ou virement bancaire. Cette caution sera d\u00e9duite du prix total du s\u00e9jour. Le paiement de ce dernier s\u2019effectuera au plus tard un mois avant le d\u00e9but de la colonie. Si vous nous envoyez par email le justificatif de virement, cela permettra d\u2019acc\u00e9l\u00e9rer la confirmation de paiement et de r\u00e9servation du colonie de vacances.<\/p>\n<p>Voici nos coordonn\u00e9es bancaires pour le virement:<\/p>\n<blockquote><p>Titulaire: IBERIAN MULTILINGUAL PROJECTS, S.L.<\/p>\n<p>IBAN: ES44 0182 6874 8602 0168 5502<\/p>\n<p>BIC\/SWIFT: BBVAESMM<\/p>\n<p>Banque: BANCO BILBAO VIZCAYA ARGENTARIA S.A.<\/p><\/blockquote>\n<h5><strong>Les frais bancaires seront \u00e0 charge du client.<\/strong><\/h5>\n<h5><strong>Il est important d\u2019indiquer le nom du participant dans le concept du virement.<\/strong><\/h5>\n<p>Au cas o\u00f9 les participants auraient besoin d&#8217;un visa, Iberian Camps d\u00e9livrera les documents n\u00e9cessaires une fois le montant de l&#8217;acompte soit re\u00e7u.[\/vc_column_text][vc_empty_space 0=&#8221;&#8221;][vc_column_text]<\/p>\n<h2><\/h2>\n<h2><u><\/u>REMBOURSEMENT DES ARRHES<\/h2>\n<p>Les participants peuvent annuler le s\u00e9jour avant qu\u2019il ne commence par email:<\/p>\n<p><strong>\u2022 <\/strong>Si la demande d\u2019annulation est faite un mois avant la date du s\u00e9jour, nous vous rembourserons 85% du prix total du camp.<\/p>\n<p><strong>\u2022 <\/strong>Si la demande d\u2019annulation est faite jusqu\u2019\u00e0 7 jours avant le d\u00e9but du s\u00e9jour, nous ne rembourserons que 50% du total du s\u00e9jour choisi.<\/p>\n<p><strong>\u2022 <\/strong>Il n\u2019y aura pas de remboursement possible pour les annulations moins d\u2019une semaine avant le d\u00e9but du s\u00e9jour.<\/p>\n<p>Les frais bancaires g\u00e9n\u00e9r\u00e9s par le remboursement seront \u00e0 la charge du client.<\/p>\n<p>Si l&#8217;annulation est due au refus du visa par l&#8217;ambassade ou le consulat d&#8217;Espagne, Iberian Camps remboursera le montant de l&#8217;acompte, \u00e0 l&#8217;exception de 150 \u20ac pour les frais administratifs, et une fois re\u00e7ue la copie de la lettre du refus du visa.<\/p>\n<p>Cependant, nous vous informons qu&#8217;Iberian Camps propose une <strong><u>assurance annulation<\/u><\/strong> sp\u00e9cialement con\u00e7ue pour les clients souhaitant s\u00e9curiser leur r\u00e9servation.<\/p>\n<button class='pum-trigger  popmake-15969  ' data-do-default=''>(+Info)<\/button>\n<h3>R\u00e9duire la dur\u00e9e du s\u00e9jour<\/h3>\n<p>Si le participant souhaite \u00e9courter le s\u00e9jour une fois commenc\u00e9, aucun remboursement ne sera possible.<\/p>\n<h3>Ne pas se pr\u00e9senter, arriver en retard ou s\u2019absenter<\/h3>\n<p>Si le participant ne se pr\u00e9sente pas, arrive en retard, ou s\u2019absente pendant le s\u00e9jour, aucun remboursement ne sera possible. S\u2019il est absent un ou plusieurs jours pendant le s\u00e9jour, il ne sera pas possible de le compenser avec une extension gratuite \u00e0 la fin de ce dernier.[\/vc_column_text][vc_empty_space 0=&#8221;&#8221;][vc_column_text]<\/p>\n<h2><\/h2>\n<h2>ASSURANCES<\/h2>\n<p>Le prix total du s\u00e9jour inclut les assurances suivantes:<\/p>\n<p><strong>\u2022 <\/strong>Assurance de Responsabilit\u00e9 Civile<\/p>\n<p><strong>\u2022 <\/strong>Assurance Accidents<\/p>\n<p>Tous les participants devront apporter:<\/p>\n<p><strong>\u2022 <\/strong>S\u2019ils sont espagnols, la \u00ab\u00a0TARJETA SANITARIA NACIONAL\u201d (merci de nous envoyer par avance une photocopie par email)<\/p>\n<p><strong>\u2022 <\/strong>S\u2019ils viennent d\u2019un pays de l\u2019UE, la CARTE EUROPEENNE D&#8217;ASSURANCE MALADIE (merci de nous envoyer par avance une photocopie par email).<\/p>\n<p><strong>\u2022 <\/strong>Si le participant dispose d\u2019une assurance priv\u00e9e, il devra \u00e9galement envoyer une photocopie de cette assurance \u00e0 notre adresse email.<\/p>\n<p>Nous conseillons \u00e0 nos clients qu\u2019ils prennent une assurance voyage pour leur enfant. Si vous le souhaitez, nous pouvons vous le g\u00e9rer. Le prix sera de 40\u20ac \u00e0 95\u20ac en fonction des prestations que vous souhaitez inclure.<\/p>\n<p>Toutefois, il est important de nous informer par email de tout type de maladie, allergie, intol\u00e9rance alimentaire, r\u00e9gime sp\u00e9cial ou traitement m\u00e9dical que doit suivre le jeune. Pour cela, il est obligatoire de nous faire parvenir un certificat m\u00e9dical (sign\u00e9 par un parent ou tuteur l\u00e9gal). De cette mani\u00e8re, nos moniteurs pourront se charger d\u2019administrer au participant les m\u00e9dicaments n\u00e9cessaires.[\/vc_column_text][vc_empty_space 0=&#8221;&#8221;][vc_column_text]<\/p>\n<h2>NORMES DE COMPORTEMENT ET DROIT D\u2019EXPULSION<\/h2>\n<p>Il est important pour\u00a0<strong>IBERIAN CAMPS<\/strong>\u00a0que les \u00e9tudiants se sentent en s\u00e9curit\u00e9 afin de pouvoir profiter au maximum de l\u2019exp\u00e9rience. Pour autant, aucun comportement agressif, de harc\u00e8lement ou de mauvais traitement ne sera tol\u00e9r\u00e9. Si cela se produisait,\u00a0<strong>IBERIAN CAMPS<\/strong>\u00a0se r\u00e9serve le droit d\u2019expulser du camp l\u2019\u00e9tudiant en question.<\/p>\n<p>De la m\u00eame mani\u00e8re, nous nous r\u00e9servons le droit d\u2019expulser tout \u00e9tudiant qui perturbe de mani\u00e8re r\u00e9it\u00e9r\u00e9e les normes de discipline \u00e9tablies. En aucun cas, le montant du s\u00e9jour ne sera rembours\u00e9, et l\u2019Entreprise ne sera pas responsable de fournir un logement alternatif ni moyen de transport. Ces frais suppl\u00e9mentaires seront \u00e0 la charge de l\u2019\u00e9tudiant ou de ses parents.<\/p>\n<h2><\/h2>\n<p>[\/vc_column_text][vc_empty_space 0=&#8221;&#8221;][vc_column_text]<\/p>\n<h2><\/h2>\n<h2>CHANGEMENT DES COURS ET ACTIVIT\u00c9S<\/h2>\n<p>Il est possible que l\u2019Entreprise se voie occasionnellement oblig\u00e9e \u00e0 r\u00e9aliser des changements dans les services qu\u2019elle propose, et elle se r\u00e9serve le droit de le faire, en offrant toujours une alternative similaire. De m\u00eame, nous nous r\u00e9servons le droit de regrouper des classes si elles n\u2019atteignaient pas le nombre minimum de participants.[\/vc_column_text][vc_empty_space 0=&#8221;&#8221;][\/vc_column][\/vc_row]<\/p>\n","protected":false},"excerpt":{"rendered":"<p>[vc_row full_width=&#8221;stretch_row&#8221; css=&#8221;.vc_custom_1575453638939{margin-top: -80px !important;background-image: url(https:\/\/iberiancamps.com\/wp-content\/uploads\/2019\/12\/terminos.jpg?id=11923) !important;background-position: center !important;background-repeat: no-repeat !important;background-size: cover !important;}&#8221;][vc_column][vc_empty_space height=&#8221;300px&#8221;][vc_column_text css=&#8221;.vc_custom_1546859504209{padding-top: 0px !important;padding-right: 10px !important;padding-bottom: 10px !important;padding-left: 10px !important;background-color: rgba(248,248,248,0.89) !important;*background-color: rgb(248,248,248) !important;}&#8221;] Termes et Conditions [\/vc_column_text][vc_separator color=&#8221;white&#8221; css=&#8221;.vc_custom_1490176660267{padding-top: 10px !important;padding-bottom: 10px !important;}&#8221;][vc_empty_space height=&#8221;50px&#8221;][\/vc_column][\/vc_row][vc_row][vc_column][vc_column_text] CONDITIONS DE PAIEMENT Afin de r\u00e9server une place, il est indispensable de verser 30% d&#8217;arrhes comme caution,<\/p>\n","protected":false},"author":1,"featured_media":0,"parent":9721,"menu_order":0,"comment_status":"closed","ping_status":"closed","template":"","meta":{"footnotes":""},"class_list":["post-9725","page","type-page","status-publish","hentry"],"yoast_head":"<!-- This site is optimized with the Yoast SEO Premium plugin v18.2.1 (Yoast SEO v27.4) - https:\/\/yoast.com\/product\/yoast-seo-premium-wordpress\/ -->\n<title>\u25b7 Termes et Conditions . Colonie de vacances langues - IBERIAN CAMPS<\/title>\n<meta name=\"description\" content=\"Mode de paiement, politique d&#039;annulation et de remboursement, r\u00e8gles de comportement et autres informations importantes que vous devez conna\u00eetre.\" \/>\n<meta name=\"robots\" content=\"index, follow, max-snippet:-1, max-image-preview:large, max-video-preview:-1\" \/>\n<link rel=\"canonical\" href=\"https:\/\/iberiancamps.com\/fr\/camps-ete\/termes-et-conditions\/\" \/>\n<meta property=\"og:locale\" content=\"fr_FR\" \/>\n<meta property=\"og:type\" content=\"article\" \/>\n<meta property=\"og:title\" content=\"Termes et Conditions\" \/>\n<meta property=\"og:description\" content=\"Mode de paiement, politique d&#039;annulation et de remboursement, r\u00e8gles de comportement et autres informations importantes que vous devez conna\u00eetre.\" \/>\n<meta property=\"og:url\" content=\"https:\/\/iberiancamps.com\/fr\/camps-ete\/termes-et-conditions\/\" \/>\n<meta property=\"og:site_name\" content=\"IBERIAN CAMPS\" \/>\n<meta property=\"article:publisher\" content=\"https:\/\/www.facebook.com\/iberiancamps\" \/>\n<meta property=\"article:modified_time\" content=\"2025-03-19T11:38:54+00:00\" \/>\n<meta name=\"twitter:card\" content=\"summary_large_image\" \/>\n<meta name=\"twitter:label1\" content=\"Dur\u00e9e de lecture estim\u00e9e\" \/>\n\t<meta name=\"twitter:data1\" content=\"4 minutes\" \/>\n<script type=\"application\/ld+json\" class=\"yoast-schema-graph\">{\"@context\":\"https:\\\/\\\/schema.org\",\"@graph\":[{\"@type\":\"WebPage\",\"@id\":\"https:\\\/\\\/iberiancamps.com\\\/fr\\\/camps-ete\\\/termes-et-conditions\\\/\",\"url\":\"https:\\\/\\\/iberiancamps.com\\\/fr\\\/camps-ete\\\/termes-et-conditions\\\/\",\"name\":\"\u25b7 Termes et Conditions . Colonie de vacances langues - IBERIAN CAMPS\",\"isPartOf\":{\"@id\":\"https:\\\/\\\/iberiancamps.com\\\/fr\\\/#website\"},\"datePublished\":\"2017-03-22T20:24:43+00:00\",\"dateModified\":\"2025-03-19T11:38:54+00:00\",\"description\":\"Mode de paiement, politique d'annulation et de remboursement, r\u00e8gles de comportement et autres informations importantes que vous devez conna\u00eetre.\",\"breadcrumb\":{\"@id\":\"https:\\\/\\\/iberiancamps.com\\\/fr\\\/camps-ete\\\/termes-et-conditions\\\/#breadcrumb\"},\"inLanguage\":\"fr-FR\",\"potentialAction\":[{\"@type\":\"ReadAction\",\"target\":[\"https:\\\/\\\/iberiancamps.com\\\/fr\\\/camps-ete\\\/termes-et-conditions\\\/\"]}]},{\"@type\":\"BreadcrumbList\",\"@id\":\"https:\\\/\\\/iberiancamps.com\\\/fr\\\/camps-ete\\\/termes-et-conditions\\\/#breadcrumb\",\"itemListElement\":[{\"@type\":\"ListItem\",\"position\":1,\"name\":\"Portada\",\"item\":\"https:\\\/\\\/iberiancamps.com\\\/fr\\\/\"},{\"@type\":\"ListItem\",\"position\":2,\"name\":\"Camps d&#8217;\u00c9t\u00e9\",\"item\":\"https:\\\/\\\/iberiancamps.com\\\/fr\\\/camps-ete\\\/\"},{\"@type\":\"ListItem\",\"position\":3,\"name\":\"Termes et Conditions\"}]},{\"@type\":\"WebSite\",\"@id\":\"https:\\\/\\\/iberiancamps.com\\\/fr\\\/#website\",\"url\":\"https:\\\/\\\/iberiancamps.com\\\/fr\\\/\",\"name\":\"IBERIAN CAMPS\",\"description\":\"The Language Experience\",\"publisher\":{\"@id\":\"https:\\\/\\\/iberiancamps.com\\\/fr\\\/#organization\"},\"potentialAction\":[{\"@type\":\"SearchAction\",\"target\":{\"@type\":\"EntryPoint\",\"urlTemplate\":\"https:\\\/\\\/iberiancamps.com\\\/fr\\\/?s={search_term_string}\"},\"query-input\":{\"@type\":\"PropertyValueSpecification\",\"valueRequired\":true,\"valueName\":\"search_term_string\"}}],\"inLanguage\":\"fr-FR\"},{\"@type\":\"Organization\",\"@id\":\"https:\\\/\\\/iberiancamps.com\\\/fr\\\/#organization\",\"name\":\"IBERIAN CAMPS\",\"url\":\"https:\\\/\\\/iberiancamps.com\\\/fr\\\/\",\"logo\":{\"@type\":\"ImageObject\",\"inLanguage\":\"fr-FR\",\"@id\":\"https:\\\/\\\/iberiancamps.com\\\/fr\\\/#\\\/schema\\\/logo\\\/image\\\/\",\"url\":\"https:\\\/\\\/iberiancamps.com\\\/wp-content\\\/uploads\\\/2017\\\/03\\\/logo.png\",\"contentUrl\":\"https:\\\/\\\/iberiancamps.com\\\/wp-content\\\/uploads\\\/2017\\\/03\\\/logo.png\",\"width\":300,\"height\":233,\"caption\":\"IBERIAN CAMPS\"},\"image\":{\"@id\":\"https:\\\/\\\/iberiancamps.com\\\/fr\\\/#\\\/schema\\\/logo\\\/image\\\/\"},\"sameAs\":[\"https:\\\/\\\/www.facebook.com\\\/iberiancamps\",\"https:\\\/\\\/www.youtube.com\\\/iberiancamps\",\"https:\\\/\\\/www.instagram.com\\\/iberiancamps\"]}]}<\/script>\n<!-- \/ Yoast SEO Premium plugin. -->","yoast_head_json":{"title":"\u25b7 Termes et Conditions . Colonie de vacances langues - IBERIAN CAMPS","description":"Mode de paiement, politique d'annulation et de remboursement, r\u00e8gles de comportement et autres informations importantes que vous devez conna\u00eetre.","robots":{"index":"index","follow":"follow","max-snippet":"max-snippet:-1","max-image-preview":"max-image-preview:large","max-video-preview":"max-video-preview:-1"},"canonical":"https:\/\/iberiancamps.com\/fr\/camps-ete\/termes-et-conditions\/","og_locale":"fr_FR","og_type":"article","og_title":"Termes et Conditions","og_description":"Mode de paiement, politique d'annulation et de remboursement, r\u00e8gles de comportement et autres informations importantes que vous devez conna\u00eetre.","og_url":"https:\/\/iberiancamps.com\/fr\/camps-ete\/termes-et-conditions\/","og_site_name":"IBERIAN CAMPS","article_publisher":"https:\/\/www.facebook.com\/iberiancamps","article_modified_time":"2025-03-19T11:38:54+00:00","twitter_card":"summary_large_image","twitter_misc":{"Dur\u00e9e de lecture estim\u00e9e":"4 minutes"},"schema":{"@context":"https:\/\/schema.org","@graph":[{"@type":"WebPage","@id":"https:\/\/iberiancamps.com\/fr\/camps-ete\/termes-et-conditions\/","url":"https:\/\/iberiancamps.com\/fr\/camps-ete\/termes-et-conditions\/","name":"\u25b7 Termes et Conditions . Colonie de vacances langues - IBERIAN CAMPS","isPartOf":{"@id":"https:\/\/iberiancamps.com\/fr\/#website"},"datePublished":"2017-03-22T20:24:43+00:00","dateModified":"2025-03-19T11:38:54+00:00","description":"Mode de paiement, politique d'annulation et de remboursement, r\u00e8gles de comportement et autres informations importantes que vous devez conna\u00eetre.","breadcrumb":{"@id":"https:\/\/iberiancamps.com\/fr\/camps-ete\/termes-et-conditions\/#breadcrumb"},"inLanguage":"fr-FR","potentialAction":[{"@type":"ReadAction","target":["https:\/\/iberiancamps.com\/fr\/camps-ete\/termes-et-conditions\/"]}]},{"@type":"BreadcrumbList","@id":"https:\/\/iberiancamps.com\/fr\/camps-ete\/termes-et-conditions\/#breadcrumb","itemListElement":[{"@type":"ListItem","position":1,"name":"Portada","item":"https:\/\/iberiancamps.com\/fr\/"},{"@type":"ListItem","position":2,"name":"Camps d&#8217;\u00c9t\u00e9","item":"https:\/\/iberiancamps.com\/fr\/camps-ete\/"},{"@type":"ListItem","position":3,"name":"Termes et Conditions"}]},{"@type":"WebSite","@id":"https:\/\/iberiancamps.com\/fr\/#website","url":"https:\/\/iberiancamps.com\/fr\/","name":"IBERIAN CAMPS","description":"The Language Experience","publisher":{"@id":"https:\/\/iberiancamps.com\/fr\/#organization"},"potentialAction":[{"@type":"SearchAction","target":{"@type":"EntryPoint","urlTemplate":"https:\/\/iberiancamps.com\/fr\/?s={search_term_string}"},"query-input":{"@type":"PropertyValueSpecification","valueRequired":true,"valueName":"search_term_string"}}],"inLanguage":"fr-FR"},{"@type":"Organization","@id":"https:\/\/iberiancamps.com\/fr\/#organization","name":"IBERIAN CAMPS","url":"https:\/\/iberiancamps.com\/fr\/","logo":{"@type":"ImageObject","inLanguage":"fr-FR","@id":"https:\/\/iberiancamps.com\/fr\/#\/schema\/logo\/image\/","url":"https:\/\/iberiancamps.com\/wp-content\/uploads\/2017\/03\/logo.png","contentUrl":"https:\/\/iberiancamps.com\/wp-content\/uploads\/2017\/03\/logo.png","width":300,"height":233,"caption":"IBERIAN CAMPS"},"image":{"@id":"https:\/\/iberiancamps.com\/fr\/#\/schema\/logo\/image\/"},"sameAs":["https:\/\/www.facebook.com\/iberiancamps","https:\/\/www.youtube.com\/iberiancamps","https:\/\/www.instagram.com\/iberiancamps"]}]}},"_links":{"self":[{"href":"https:\/\/iberiancamps.com\/fr\/wp-json\/wp\/v2\/pages\/9725","targetHints":{"allow":["GET"]}}],"collection":[{"href":"https:\/\/iberiancamps.com\/fr\/wp-json\/wp\/v2\/pages"}],"about":[{"href":"https:\/\/iberiancamps.com\/fr\/wp-json\/wp\/v2\/types\/page"}],"author":[{"embeddable":true,"href":"https:\/\/iberiancamps.com\/fr\/wp-json\/wp\/v2\/users\/1"}],"replies":[{"embeddable":true,"href":"https:\/\/iberiancamps.com\/fr\/wp-json\/wp\/v2\/comments?post=9725"}],"version-history":[{"count":14,"href":"https:\/\/iberiancamps.com\/fr\/wp-json\/wp\/v2\/pages\/9725\/revisions"}],"predecessor-version":[{"id":15973,"href":"https:\/\/iberiancamps.com\/fr\/wp-json\/wp\/v2\/pages\/9725\/revisions\/15973"}],"up":[{"embeddable":true,"href":"https:\/\/iberiancamps.com\/fr\/wp-json\/wp\/v2\/pages\/9721"}],"wp:attachment":[{"href":"https:\/\/iberiancamps.com\/fr\/wp-json\/wp\/v2\/media?parent=9725"}],"curies":[{"name":"wp","href":"https:\/\/api.w.org\/{rel}","templated":true}]}}